{"id":6606,"date":"2025-10-07T16:21:26","date_gmt":"2025-10-07T14:21:26","guid":{"rendered":"\/katalog\/?post_type=product&#038;p=6606"},"modified":"2025-10-07T16:21:27","modified_gmt":"2025-10-07T14:21:27","slug":"sielaff-siamonie-ts-in-01-ihr-premium-heissgetraenkeautomat","status":"publish","type":"product","link":"\/katalog\/produkt\/sielaff-siamonie-ts-in-01-ihr-premium-heissgetraenkeautomat\/","title":{"rendered":"Sielaff Siamonie TS IN (01) \u2013 Ihr Premium-Hei\u00dfgetr\u00e4nkeautomat"},"content":{"rendered":"<p>Erleben Sie Kaffeegenuss auf Knopfdruck mit der <strong data-start=\"274\" data-end=\"305\">Sielaff Siamonie TS IN (01)<\/strong>. Dieser leistungsstarke und kompakte Hei\u00dfgetr\u00e4nkeautomat ist ideal f\u00fcr B\u00fcros, Gastronomiebetriebe und \u00f6ffentliche Einrichtungen. Mit modernem Design, intuitiver Bedienung und vielseitiger Auswahl zaubert er hochwertige Kaffeespezialit\u00e4ten f\u00fcr jeden Geschmack.<\/p>\n<p data-start=\"569\" data-end=\"586\"><strong data-start=\"569\" data-end=\"584\">Highlights:<\/strong><\/p>\n<ul data-start=\"587\" data-end=\"1242\">\n<li data-start=\"587\" data-end=\"708\">\n<p data-start=\"589\" data-end=\"708\"><strong data-start=\"589\" data-end=\"621\">Vielseitige Getr\u00e4nkepalette:<\/strong> Kaffee, Espresso, Cappuccino, Latte Macchiato, Kakao und viele weitere Hei\u00dfgetr\u00e4nke.<\/p>\n<\/li>\n<li data-start=\"709\" data-end=\"847\">\n<p data-start=\"711\" data-end=\"847\"><strong data-start=\"711\" data-end=\"741\">Leistungsstarkes Mahlwerk:<\/strong> Hochwertiges Scheibenmahlwerk (\u00d8 65 mm) f\u00fcr leisen, effizienten Mahlvorgang und individuellen Mahlgrad.<\/p>\n<\/li>\n<li data-start=\"848\" data-end=\"992\">\n<p data-start=\"850\" data-end=\"992\"><strong data-start=\"850\" data-end=\"873\">Einfache Bedienung:<\/strong> 10 Direktwahltasten plus zweite Ebene f\u00fcr erweiterte Auswahlm\u00f6glichkeiten, unterst\u00fctzt durch ein 4-zeiliges Display.<\/p>\n<\/li>\n<li data-start=\"993\" data-end=\"1092\">\n<p data-start=\"995\" data-end=\"1092\"><strong data-start=\"995\" data-end=\"1022\">Individuelle Anpassung:<\/strong> Personalisierbare Getr\u00e4nkemengen und -st\u00e4rken f\u00fcr maximalen Genuss.<\/p>\n<\/li>\n<li data-start=\"1093\" data-end=\"1242\">\n<p data-start=\"1095\" data-end=\"1242\"><strong data-start=\"1095\" data-end=\"1124\">Automatisierte Reinigung:<\/strong> Integrierte Programme f\u00fcr Br\u00fcheinheit, Mahlwerk und optionales Milchsystem sorgen f\u00fcr Hygiene und einfache Wartung.<\/p>\n<\/li>\n<\/ul>\n<p data-start=\"1244\" data-end=\"1267\"><strong data-start=\"1244\" data-end=\"1265\">Technische Daten:<\/strong><\/p>\n<ul data-start=\"1268\" data-end=\"1433\">\n<li data-start=\"1268\" data-end=\"1307\">\n<p data-start=\"1270\" data-end=\"1307\">Abmessungen: ca. 450 x 570 x 710 mm<\/p>\n<\/li>\n<li data-start=\"1308\" data-end=\"1330\">\n<p data-start=\"1310\" data-end=\"1330\">Gewicht: ca. 68 kg<\/p>\n<\/li>\n<li data-start=\"1331\" data-end=\"1351\">\n<p data-start=\"1333\" data-end=\"1351\">Leistung: 2,9 kW<\/p>\n<\/li>\n<li data-start=\"1352\" data-end=\"1383\">\n<p data-start=\"1354\" data-end=\"1383\">Netzspannung: 230 V \/ 50 Hz<\/p>\n<\/li>\n<li data-start=\"1384\" data-end=\"1433\">\n<p data-start=\"1386\" data-end=\"1433\">Bis zu 20 kombinierbare Getr\u00e4nkespezialit\u00e4ten<\/p>\n<\/li>\n<\/ul>\n<p data-start=\"1435\" data-end=\"1614\">Die <strong data-start=\"1439\" data-end=\"1470\">Sielaff Siamonie TS IN (01)<\/strong> vereint Komfort, Qualit\u00e4t und Vielseitigkeit in einem Ger\u00e4t \u2013 ideal f\u00fcr alle, die jederzeit frischen Kaffee- und Hei\u00dfgetr\u00e4nkegenuss sch\u00e4tzen.<\/p>\n","protected":false},"excerpt":{"rendered":"<p>Erleben Sie Kaffeegenuss auf Knopfdruck mit der Sielaff Siamonie TS IN (01). Dieser leistungsstarke und kompakte Hei\u00dfgetr\u00e4nkeautomat ist ideal f\u00fcr B\u00fcros, Gastronomiebetriebe und \u00f6ffentliche Einrichtungen. Mit modernem Design, intuitiver Bedienung und vielseitiger Auswahl zaubert er hochwertige Kaffeespezialit\u00e4ten f\u00fcr jeden Geschmack. Highlights: Vielseitige Getr\u00e4nkepalette: Kaffee, Espresso, Cappuccino, Latte Macchiato, Kakao und viele weitere Hei\u00dfgetr\u00e4nke. Leistungsstarkes Mahlwerk: [&hellip;]<\/p>\n","protected":false},"featured_media":0,"template":"","meta":{"_acf_changed":false},"product_cat":[268,273,274],"product_tag":[292,293,319,320],"class_list":{"0":"post-6606","1":"product","2":"type-product","3":"status-publish","5":"product_cat-getraenkeautomaten","6":"product_cat-kaffeeautomaten","7":"product_cat-kaffeemaschinen","8":"product_tag-getraenke","9":"product_tag-getraenkeautomat","10":"product_tag-kaffeeautomat","11":"product_tag-kaffeemaschinen","13":"first","14":"instock","15":"shipping-taxable","16":"purchasable","17":"product-type-simple"},"acf":[],"_links":{"self":[{"href":"\/katalog\/wp-json\/wp\/v2\/product\/6606"}],"collection":[{"href":"\/katalog\/wp-json\/wp\/v2\/product"}],"about":[{"href":"\/katalog\/wp-json\/wp\/v2\/types\/product"}],"wp:attachment":[{"href":"\/katalog\/wp-json\/wp\/v2\/media?parent=6606"}],"wp:term":[{"taxonomy":"product_cat","embeddable":true,"href":"\/katalog\/wp-json\/wp\/v2\/product_cat?post=6606"},{"taxonomy":"product_tag","embeddable":true,"href":"\/katalog\/wp-json\/wp\/v2\/product_tag?post=6606"}],"curies":[{"name":"wp","href":"https:\/\/api.w.org\/{rel}","templated":true}]}}