{"id":6596,"date":"2025-10-07T15:04:17","date_gmt":"2025-10-07T13:04:17","guid":{"rendered":"\/katalog\/?post_type=product&#038;p=6596"},"modified":"2025-10-07T15:04:17","modified_gmt":"2025-10-07T13:04:17","slug":"sielaff-sione-small-ruecknahmeautomat","status":"publish","type":"product","link":"\/katalog\/produkt\/sielaff-sione-small-ruecknahmeautomat\/","title":{"rendered":"Sielaff SiOne Small \u2013 R\u00fccknahmeautomat"},"content":{"rendered":"<p data-start=\"312\" data-end=\"721\">Der <strong data-start=\"316\" data-end=\"331\">SiOne Small<\/strong> ist ein kompakter und effizienter <strong data-start=\"366\" data-end=\"386\">R\u00fccknahmeautomat<\/strong> aus der Sielaff SiOne-Serie. Er wurde speziell f\u00fcr die <strong data-start=\"442\" data-end=\"492\">Pfandr\u00fccknahme von Flaschen, Dosen und Bechern<\/strong> entwickelt und \u00fcberzeugt durch <strong data-start=\"524\" data-end=\"557\">pr\u00e4zise Erkennungstechnologie<\/strong>, <strong data-start=\"559\" data-end=\"579\">robuste Bauweise<\/strong> und <strong data-start=\"584\" data-end=\"614\">servicefreundliches Design<\/strong>. Ideal f\u00fcr <strong data-start=\"626\" data-end=\"664\">Superm\u00e4rkte, Kantinen, Tankstellen<\/strong> und <strong data-start=\"669\" data-end=\"687\">Getr\u00e4nkem\u00e4rkte<\/strong> mit mittlerem R\u00fccknahmevolumen.<\/p>\n<p data-start=\"723\" data-end=\"756\"><strong data-start=\"723\" data-end=\"754\">Eigenschaften und Vorteile:<\/strong><\/p>\n<ul data-start=\"757\" data-end=\"1295\">\n<li data-start=\"757\" data-end=\"837\">\n<p data-start=\"759\" data-end=\"837\"><strong data-start=\"759\" data-end=\"786\">Zweiter Barcodescanner:<\/strong> f\u00fcr schnellere und zuverl\u00e4ssigere Pfanderkennung<\/p>\n<\/li>\n<li data-start=\"838\" data-end=\"924\">\n<p data-start=\"840\" data-end=\"924\"><strong data-start=\"840\" data-end=\"875\">Eingreifschutz mit Fadenf\u00e4nger:<\/strong> sorgt f\u00fcr sicheres und st\u00f6rungsfreies Arbeiten<\/p>\n<\/li>\n<li data-start=\"925\" data-end=\"1022\">\n<p data-start=\"927\" data-end=\"1022\"><strong data-start=\"927\" data-end=\"966\">Produkterkennung f\u00fcr Becherannahme:<\/strong> erkennt und verarbeitet auch Einwegbecher zuverl\u00e4ssig<\/p>\n<\/li>\n<li data-start=\"1023\" data-end=\"1125\">\n<p data-start=\"1025\" data-end=\"1125\"><strong data-start=\"1025\" data-end=\"1065\">Sacktr\u00e4ger mit 2 Materialfraktionen:<\/strong> getrennte Sammlung von unterschiedlichen Pfandmaterialien<\/p>\n<\/li>\n<li data-start=\"1126\" data-end=\"1204\">\n<p data-start=\"1128\" data-end=\"1204\"><strong data-start=\"1128\" data-end=\"1150\">Zubeh\u00f6r &amp; Montage:<\/strong> Sockelblenden seitlich, Bodenbefestigung beiliegend<\/p>\n<\/li>\n<li data-start=\"1205\" data-end=\"1295\">\n<p data-start=\"1207\" data-end=\"1295\"><strong data-start=\"1207\" data-end=\"1226\">Preisinklusive:<\/strong> Alle genannten Funktionen und Zubeh\u00f6rteile sind im Preis enthalten<\/p>\n<\/li>\n<\/ul>\n<p data-start=\"1297\" data-end=\"1448\">Der <strong data-start=\"1301\" data-end=\"1316\">SiOne Small<\/strong> bietet <strong data-start=\"1324\" data-end=\"1367\">pr\u00e4zise Pfanderkennung auf kleinem Raum<\/strong> \u2013 die ideale L\u00f6sung f\u00fcr <strong data-start=\"1392\" data-end=\"1445\">effiziente, sichere und saubere R\u00fccknahmeprozesse<\/strong>.<\/p>\n","protected":false},"excerpt":{"rendered":"<p>Der SiOne Small ist ein kompakter und effizienter R\u00fccknahmeautomat aus der Sielaff SiOne-Serie. Er wurde speziell f\u00fcr die Pfandr\u00fccknahme von Flaschen, Dosen und Bechern entwickelt und \u00fcberzeugt durch pr\u00e4zise Erkennungstechnologie, robuste Bauweise und servicefreundliches Design. Ideal f\u00fcr Superm\u00e4rkte, Kantinen, Tankstellen und Getr\u00e4nkem\u00e4rkte mit mittlerem R\u00fccknahmevolumen. Eigenschaften und Vorteile: Zweiter Barcodescanner: f\u00fcr schnellere und zuverl\u00e4ssigere Pfanderkennung [&hellip;]<\/p>\n","protected":false},"featured_media":6598,"template":"","meta":{"_acf_changed":false},"product_cat":[276],"product_tag":[338],"class_list":{"0":"post-6596","1":"product","2":"type-product","3":"status-publish","4":"has-post-thumbnail","6":"product_cat-leergutautomaten","7":"product_tag-leergutautomat","9":"first","10":"instock","11":"shipping-taxable","12":"purchasable","13":"product-type-simple"},"acf":[],"_links":{"self":[{"href":"\/katalog\/wp-json\/wp\/v2\/product\/6596"}],"collection":[{"href":"\/katalog\/wp-json\/wp\/v2\/product"}],"about":[{"href":"\/katalog\/wp-json\/wp\/v2\/types\/product"}],"wp:featuredmedia":[{"embeddable":true,"href":"\/katalog\/wp-json\/wp\/v2\/media\/6598"}],"wp:attachment":[{"href":"\/katalog\/wp-json\/wp\/v2\/media?parent=6596"}],"wp:term":[{"taxonomy":"product_cat","embeddable":true,"href":"\/katalog\/wp-json\/wp\/v2\/product_cat?post=6596"},{"taxonomy":"product_tag","embeddable":true,"href":"\/katalog\/wp-json\/wp\/v2\/product_tag?post=6596"}],"curies":[{"name":"wp","href":"https:\/\/api.w.org\/{rel}","templated":true}]}}