{"id":6583,"date":"2025-10-07T14:10:45","date_gmt":"2025-10-07T12:10:45","guid":{"rendered":"\/katalog\/?post_type=product&#038;p=6583"},"modified":"2025-10-07T14:10:46","modified_gmt":"2025-10-07T12:10:46","slug":"sielaff-robimat-xl-getraenkeautomat","status":"publish","type":"product","link":"\/katalog\/produkt\/sielaff-robimat-xl-getraenkeautomat\/","title":{"rendered":"Sielaff Robimat XL \u2013 Getr\u00e4nkeautomat"},"content":{"rendered":"<p data-start=\"258\" data-end=\"648\">Der <strong data-start=\"262\" data-end=\"276\">Robimat XL<\/strong> ist der leistungsst\u00e4rkste Automat der Robimat-Serie und wurde speziell f\u00fcr den <strong data-start=\"356\" data-end=\"414\">Verkauf von gek\u00fchlten Flaschen, PET-Flaschen und Dosen<\/strong> entwickelt. Durch seine <strong data-start=\"439\" data-end=\"469\">robuste, modulare Bauweise<\/strong> \u00fcberzeugt er mit <strong data-start=\"487\" data-end=\"506\">hoher Kapazit\u00e4t<\/strong>, <strong data-start=\"508\" data-end=\"533\">Servicefreundlichkeit<\/strong> und <strong data-start=\"538\" data-end=\"557\">Zuverl\u00e4ssigkeit<\/strong>. Ideal f\u00fcr <strong data-start=\"569\" data-end=\"602\">stark frequentierte Standorte<\/strong>, <strong data-start=\"604\" data-end=\"616\">Betriebe<\/strong> und <strong data-start=\"621\" data-end=\"645\">\u00f6ffentliche Bereiche<\/strong>.<\/p>\n<p data-start=\"650\" data-end=\"683\"><strong data-start=\"650\" data-end=\"681\">Eigenschaften und Vorteile:<\/strong><\/p>\n<ul data-start=\"684\" data-end=\"1063\">\n<li data-start=\"684\" data-end=\"780\">\n<p data-start=\"686\" data-end=\"780\"><strong data-start=\"686\" data-end=\"709\">Verst\u00e4rkte K\u00fchlung:<\/strong> R290 (HC9) f\u00fcr konstant gek\u00fchlte Getr\u00e4nke, auch bei hoher Auslastung<\/p>\n<\/li>\n<li data-start=\"781\" data-end=\"893\">\n<p data-start=\"783\" data-end=\"893\"><strong data-start=\"783\" data-end=\"815\">Bezahloptionen &amp; Sicherheit:<\/strong> M\u00fcnzschieber + R\u00fcckgabetrommel, Kasse + M\u00fcnzschaltger\u00e4t verschlie\u00dfbar (CES)<\/p>\n<\/li>\n<li data-start=\"894\" data-end=\"972\">\n<p data-start=\"896\" data-end=\"972\"><strong data-start=\"896\" data-end=\"918\">Zubeh\u00f6r &amp; Montage:<\/strong> Sockelblenden seitlich, Bodenbefestigung beiliegend<\/p>\n<\/li>\n<li data-start=\"973\" data-end=\"1063\">\n<p data-start=\"975\" data-end=\"1063\"><strong data-start=\"975\" data-end=\"994\">Preisinklusive:<\/strong> Alle genannten Funktionen und Zubeh\u00f6rteile sind im Preis enthalten<\/p>\n<\/li>\n<\/ul>\n<p data-start=\"1065\" data-end=\"1260\">Der <strong data-start=\"1069\" data-end=\"1083\">Robimat XL<\/strong> ist die optimale L\u00f6sung f\u00fcr den <strong data-start=\"1116\" data-end=\"1167\">automatisierten Verkauf von gek\u00fchlten Getr\u00e4nken<\/strong> \u2013 <strong data-start=\"1170\" data-end=\"1224\">zuverl\u00e4ssig, wirtschaftlich und benutzerfreundlich<\/strong>, selbst bei hohem Getr\u00e4nkeumsatz.<\/p>\n","protected":false},"excerpt":{"rendered":"<p>Der Robimat XL ist der leistungsst\u00e4rkste Automat der Robimat-Serie und wurde speziell f\u00fcr den Verkauf von gek\u00fchlten Flaschen, PET-Flaschen und Dosen entwickelt. Durch seine robuste, modulare Bauweise \u00fcberzeugt er mit hoher Kapazit\u00e4t, Servicefreundlichkeit und Zuverl\u00e4ssigkeit. Ideal f\u00fcr stark frequentierte Standorte, Betriebe und \u00f6ffentliche Bereiche. Eigenschaften und Vorteile: Verst\u00e4rkte K\u00fchlung: R290 (HC9) f\u00fcr konstant gek\u00fchlte Getr\u00e4nke, [&hellip;]<\/p>\n","protected":false},"featured_media":6585,"template":"","meta":{"_acf_changed":false},"product_cat":[268,282,283,263,288],"product_tag":[292,293,294,300,301],"class_list":{"0":"post-6583","1":"product","2":"type-product","3":"status-publish","4":"has-post-thumbnail","6":"product_cat-getraenkeautomaten","7":"product_cat-vending-automaten","8":"product_cat-verkaufsautomaten","9":"product_cat-verpflegungsautomaten","10":"product_cat-warenautomaten","11":"product_tag-getraenke","12":"product_tag-getraenkeautomat","13":"product_tag-vending-automaten","14":"product_tag-verkaufsautomat","15":"product_tag-verpflegungsautomat","17":"first","18":"instock","19":"shipping-taxable","20":"purchasable","21":"product-type-simple"},"acf":[],"_links":{"self":[{"href":"\/katalog\/wp-json\/wp\/v2\/product\/6583"}],"collection":[{"href":"\/katalog\/wp-json\/wp\/v2\/product"}],"about":[{"href":"\/katalog\/wp-json\/wp\/v2\/types\/product"}],"wp:featuredmedia":[{"embeddable":true,"href":"\/katalog\/wp-json\/wp\/v2\/media\/6585"}],"wp:attachment":[{"href":"\/katalog\/wp-json\/wp\/v2\/media?parent=6583"}],"wp:term":[{"taxonomy":"product_cat","embeddable":true,"href":"\/katalog\/wp-json\/wp\/v2\/product_cat?post=6583"},{"taxonomy":"product_tag","embeddable":true,"href":"\/katalog\/wp-json\/wp\/v2\/product_tag?post=6583"}],"curies":[{"name":"wp","href":"https:\/\/api.w.org\/{rel}","templated":true}]}}