{"id":6577,"date":"2025-10-07T14:01:14","date_gmt":"2025-10-07T12:01:14","guid":{"rendered":"\/katalog\/?post_type=product&#038;p=6577"},"modified":"2025-10-07T14:01:15","modified_gmt":"2025-10-07T12:01:15","slug":"sielaff-robimat-xs-rb04-getraenkeautomat","status":"publish","type":"product","link":"\/katalog\/produkt\/sielaff-robimat-xs-rb04-getraenkeautomat\/","title":{"rendered":"Sielaff Robimat XS (RB04) \u2013 Getr\u00e4nkeautomat"},"content":{"rendered":"<p data-start=\"318\" data-end=\"552\">Der <strong data-start=\"322\" data-end=\"343\">Robimat XS (RB04)<\/strong> ist ein kompakter, leistungsstarker Schachtautomat f\u00fcr <strong data-start=\"399\" data-end=\"444\">gek\u00fchlte Flaschen, PET-Flaschen und Dosen<\/strong>. Er ist <strong data-start=\"453\" data-end=\"470\">stationsf\u00e4hig<\/strong>, <strong data-start=\"472\" data-end=\"493\">modular aufgebaut<\/strong>, besonders <strong data-start=\"505\" data-end=\"526\">servicefreundlich<\/strong> und <strong data-start=\"531\" data-end=\"549\">recyclingf\u00e4hig<\/strong>.<\/p>\n<p data-start=\"554\" data-end=\"587\"><strong data-start=\"554\" data-end=\"585\">Eigenschaften und Vorteile:<\/strong><\/p>\n<ul data-start=\"588\" data-end=\"943\">\n<li data-start=\"588\" data-end=\"660\">\n<p data-start=\"590\" data-end=\"660\"><strong data-start=\"590\" data-end=\"613\">Verst\u00e4rkte K\u00fchlung:<\/strong> R290 (HC9) f\u00fcr gleichm\u00e4\u00dfig gek\u00fchlte Getr\u00e4nke<\/p>\n<\/li>\n<li data-start=\"661\" data-end=\"773\">\n<p data-start=\"663\" data-end=\"773\"><strong data-start=\"663\" data-end=\"695\">Bezahloptionen &amp; Sicherheit:<\/strong> M\u00fcnzschieber + R\u00fcckgabetrommel, Kasse + M\u00fcnzschaltger\u00e4t verschlie\u00dfbar (CES)<\/p>\n<\/li>\n<li data-start=\"774\" data-end=\"852\">\n<p data-start=\"776\" data-end=\"852\"><strong data-start=\"776\" data-end=\"798\">Zubeh\u00f6r &amp; Montage:<\/strong> Sockelblenden seitlich, Bodenbefestigung beiliegend<\/p>\n<\/li>\n<li data-start=\"853\" data-end=\"943\">\n<p data-start=\"855\" data-end=\"943\"><strong data-start=\"855\" data-end=\"874\">Preisinklusive:<\/strong> Alle genannten Funktionen und Zubeh\u00f6rteile sind im Preis enthalten<\/p>\n<\/li>\n<\/ul>\n<p data-start=\"945\" data-end=\"1108\">Der <strong data-start=\"949\" data-end=\"970\">Robimat XS (RB04)<\/strong> ist die ideale L\u00f6sung f\u00fcr den automatisierten Verkauf von gek\u00fchlten Getr\u00e4nken \u2013 <strong data-start=\"1051\" data-end=\"1105\">zuverl\u00e4ssig, wirtschaftlich und benutzerfreundlich<\/strong>.<\/p>\n","protected":false},"excerpt":{"rendered":"<p>Der Robimat XS (RB04) ist ein kompakter, leistungsstarker Schachtautomat f\u00fcr gek\u00fchlte Flaschen, PET-Flaschen und Dosen. Er ist stationsf\u00e4hig, modular aufgebaut, besonders servicefreundlich und recyclingf\u00e4hig. Eigenschaften und Vorteile: Verst\u00e4rkte K\u00fchlung: R290 (HC9) f\u00fcr gleichm\u00e4\u00dfig gek\u00fchlte Getr\u00e4nke Bezahloptionen &amp; Sicherheit: M\u00fcnzschieber + R\u00fcckgabetrommel, Kasse + M\u00fcnzschaltger\u00e4t verschlie\u00dfbar (CES) Zubeh\u00f6r &amp; Montage: Sockelblenden seitlich, Bodenbefestigung beiliegend Preisinklusive: Alle [&hellip;]<\/p>\n","protected":false},"featured_media":6579,"template":"","meta":{"_acf_changed":false},"product_cat":[268,282,283,263,288],"product_tag":[292,293,294,300,301,289],"class_list":{"0":"post-6577","1":"product","2":"type-product","3":"status-publish","4":"has-post-thumbnail","6":"product_cat-getraenkeautomaten","7":"product_cat-vending-automaten","8":"product_cat-verkaufsautomaten","9":"product_cat-verpflegungsautomaten","10":"product_cat-warenautomaten","11":"product_tag-getraenke","12":"product_tag-getraenkeautomat","13":"product_tag-vending-automaten","14":"product_tag-verkaufsautomat","15":"product_tag-verpflegungsautomat","16":"product_tag-warenautomat","18":"first","19":"instock","20":"shipping-taxable","21":"purchasable","22":"product-type-simple"},"acf":[],"_links":{"self":[{"href":"\/katalog\/wp-json\/wp\/v2\/product\/6577"}],"collection":[{"href":"\/katalog\/wp-json\/wp\/v2\/product"}],"about":[{"href":"\/katalog\/wp-json\/wp\/v2\/types\/product"}],"wp:featuredmedia":[{"embeddable":true,"href":"\/katalog\/wp-json\/wp\/v2\/media\/6579"}],"wp:attachment":[{"href":"\/katalog\/wp-json\/wp\/v2\/media?parent=6577"}],"wp:term":[{"taxonomy":"product_cat","embeddable":true,"href":"\/katalog\/wp-json\/wp\/v2\/product_cat?post=6577"},{"taxonomy":"product_tag","embeddable":true,"href":"\/katalog\/wp-json\/wp\/v2\/product_tag?post=6577"}],"curies":[{"name":"wp","href":"https:\/\/api.w.org\/{rel}","templated":true}]}}