{"id":6561,"date":"2025-10-07T12:28:07","date_gmt":"2025-10-07T10:28:07","guid":{"rendered":"\/katalog\/?post_type=product&#038;p=6561"},"modified":"2025-10-07T12:30:20","modified_gmt":"2025-10-07T10:30:20","slug":"sn-48","status":"publish","type":"product","link":"\/katalog\/produkt\/sn-48\/","title":{"rendered":"SN 48 (gebraucht)"},"content":{"rendered":"<p>Der <strong>Sielaff SN 48<\/strong> ist ein vielseitiger <strong>Verpflegungsautomat<\/strong> f\u00fcr den Verkauf von S\u00fc\u00dfwaren, Snacks, Getr\u00e4nken, frischen Produkten und Non-Food-Artikeln. Dank seines modularen Aufbaus und der robusten Technik ist er besonders servicefreundlich, langlebig und flexibel einsetzbar.<\/p>\n<p><strong>Eigenschaften und Vorteile:<\/strong><\/p>\n<ul>\n<li><strong>Vielseitige Produktauswahl<\/strong>: Verkauf von S\u00fc\u00dfwaren, Snacks, Getr\u00e4nken, Non-Food-Artikeln und frischen Produkten<\/li>\n<li><strong>Flexible Konfiguration<\/strong>: bis zu <strong>acht Wahlen pro Ebene<\/strong> auf <strong>f\u00fcnf oder sechs Ebenen<\/strong><\/li>\n<li><strong>Behindertengerechtes Design<\/strong>: Bedienbereich in ergonomischer H\u00f6he<\/li>\n<li><strong>Stationsf\u00e4hig<\/strong>: ideal f\u00fcr den Einsatz an \u00f6ffentlichen oder stark frequentierten Standorten<\/li>\n<li><strong>Robuste Bedieneinheit<\/strong>: Metalltastatur aus Edelstahl mit eckigen Wahltasten<\/li>\n<li><strong>Benutzerfreundlich<\/strong>: M\u00fcnzeinwurf mit Querschlitz, M\u00fcnzeinwurfschieber und R\u00fcckgabetrommel<\/li>\n<li><strong>Sicher &amp; zuverl\u00e4ssig<\/strong>: Sperrklappenschutz und Lichtgitter f\u00fcr erh\u00f6hte Sicherheit bei der Produktausgabe<\/li>\n<li><strong>Modularer Aufbau<\/strong>: besonders <strong>servicefreundlich<\/strong> und <strong>recyclingf\u00e4hig<\/strong>, einfache Wartung<\/li>\n<li><strong>Transportfreundlich<\/strong>: passt durch T\u00fcren mit 800 mm Durchgangsbreite, nur geringer Demontageaufwand erforderlich<\/li>\n<li><strong>Varianten &amp; Ausstattung<\/strong>:\n<ul>\n<li><strong>LM-Version<\/strong> (Lebensmittelgeeignet)<\/li>\n<li><strong>2T-Ausf\u00fchrung<\/strong> mit variabler Ebenentrennung<\/li>\n<li><strong>Dreifachspiralen<\/strong> f\u00fcr optimale Produktpr\u00e4sentation<\/li>\n<li><strong>Schwerlastebenen<\/strong> in den unteren drei Ebenen f\u00fcr gro\u00dfe oder schwere Artikel<\/li>\n<\/ul>\n<\/li>\n<\/ul>\n<p>Der <strong>Sielaff SN 48<\/strong> bietet maximale Flexibilit\u00e4t und Zuverl\u00e4ssigkeit \u2013 eine perfekte L\u00f6sung f\u00fcr den modernen, automatisierten Verkauf von Snacks, Getr\u00e4nken und frischen Produkten.<\/p>\n","protected":false},"excerpt":{"rendered":"<p>Der Sielaff SN 48 ist ein vielseitiger Verpflegungsautomat f\u00fcr den Verkauf von S\u00fc\u00dfwaren, Snacks, Getr\u00e4nken, frischen Produkten und Non-Food-Artikeln. Dank seines modularen Aufbaus und der robusten Technik ist er besonders servicefreundlich, langlebig und flexibel einsetzbar. Eigenschaften und Vorteile: Vielseitige Produktauswahl: Verkauf von S\u00fc\u00dfwaren, Snacks, Getr\u00e4nken, Non-Food-Artikeln und frischen Produkten Flexible Konfiguration: bis zu acht Wahlen [&hellip;]<\/p>\n","protected":false},"featured_media":6563,"template":"","meta":{"_acf_changed":false},"product_cat":[332,281,331,333,268,286,269,287,267,282,283,263,288],"product_tag":[335,295,336,334,292,293,296,297,299,294,300,301,289],"class_list":{"0":"post-6561","1":"product","2":"type-product","3":"status-publish","4":"has-post-thumbnail","6":"product_cat-ausstellungsstueck","7":"product_cat-foodautomaten","8":"product_cat-gebraucht-automaten","9":"product_cat-generalueberholt","10":"product_cat-getraenkeautomaten","11":"product_cat-hygiene-automaten","12":"product_cat-kombiautomaten","13":"product_cat-masken-automaten","14":"product_cat-snackautomaten","15":"product_cat-vending-automaten","16":"product_cat-verkaufsautomaten","17":"product_cat-verpflegungsautomaten","18":"product_cat-warenautomaten","19":"product_tag-ausstellungsstueck","20":"product_tag-food-automat","21":"product_tag-gebraucht-automaten","22":"product_tag-generalueberholt","23":"product_tag-getraenke","24":"product_tag-getraenkeautomat","25":"product_tag-hygiene-automat","26":"product_tag-kombi-automat","27":"product_tag-snack-automat","28":"product_tag-vending-automaten","29":"product_tag-verkaufsautomat","30":"product_tag-verpflegungsautomat","31":"product_tag-warenautomat","33":"first","34":"instock","35":"shipping-taxable","36":"purchasable","37":"product-type-simple"},"acf":[],"_links":{"self":[{"href":"\/katalog\/wp-json\/wp\/v2\/product\/6561"}],"collection":[{"href":"\/katalog\/wp-json\/wp\/v2\/product"}],"about":[{"href":"\/katalog\/wp-json\/wp\/v2\/types\/product"}],"wp:featuredmedia":[{"embeddable":true,"href":"\/katalog\/wp-json\/wp\/v2\/media\/6563"}],"wp:attachment":[{"href":"\/katalog\/wp-json\/wp\/v2\/media?parent=6561"}],"wp:term":[{"taxonomy":"product_cat","embeddable":true,"href":"\/katalog\/wp-json\/wp\/v2\/product_cat?post=6561"},{"taxonomy":"product_tag","embeddable":true,"href":"\/katalog\/wp-json\/wp\/v2\/product_tag?post=6561"}],"curies":[{"name":"wp","href":"https:\/\/api.w.org\/{rel}","templated":true}]}}