{"id":6516,"date":"2025-10-01T13:56:58","date_gmt":"2025-10-01T11:56:58","guid":{"rendered":"\/katalog\/?post_type=product&#038;p=6516"},"modified":"2025-10-01T13:56:59","modified_gmt":"2025-10-01T11:56:59","slug":"gusto-6-l","status":"publish","type":"product","link":"\/katalog\/produkt\/gusto-6-l\/","title":{"rendered":"Gusto 6 L"},"content":{"rendered":"<p>Der <strong>SandenVendo Gusto 6 L<\/strong> ist ein moderner <strong>Snack- und Getr\u00e4nkeautomat<\/strong> der 6-Spiralen-Klasse, der Energieeffizienz, Umweltfreundlichkeit und hohe Leistung miteinander kombiniert. Er richtet sich an Standorte mittlerer Gr\u00f6\u00dfe, an denen eine breite Auswahl an Snacks und Hei\u00dfgetr\u00e4nken gew\u00fcnscht wird.<\/p>\n<p><strong>Eigenschaften und Vorteile:<\/strong><\/p>\n<ul>\n<li><strong>Snack- und Getr\u00e4nkeausgabe<\/strong>: flexible Best\u00fcckung mit Snacks, S\u00fc\u00dfwaren, gek\u00fchlten Produkten und Hei\u00dfgetr\u00e4nken<\/li>\n<li><strong>6 Spiralen<\/strong>: effizientes und \u00fcbersichtliches Warenhandling<\/li>\n<li><strong>Hohe Leistung bei geringer Energieaufnahme<\/strong>: energieeffizient und umweltfreundlich<\/li>\n<li><strong>Fortschrittliche Technologie<\/strong>: robust, zuverl\u00e4ssig, hohe Produktqualit\u00e4t wie bei High-End-Snackautomaten<\/li>\n<li><strong>Einfache Bedienung<\/strong>: \u00fcbersichtliches Display und intuitive Produktauswahl<\/li>\n<li><strong>Flexible Zahlungsm\u00f6glichkeiten<\/strong>: kompatibel mit M\u00fcnzpr\u00fcfern, Banknotenlesern und bargeldlosen Systemen<\/li>\n<li><strong>Modernes Design<\/strong>: ansprechende Optik, passend f\u00fcr B\u00fcros, Schulen, Freizeitst\u00e4tten oder \u00f6ffentliche Einrichtungen<\/li>\n<li><strong>Einfache Wartung<\/strong>: leicht zu reinigen und nachzuf\u00fcllen<\/li>\n<\/ul>\n<p>Der <strong>SandenVendo Gusto 6 L<\/strong> stellt die Weiterentwicklung des bekannten \u201eTwist\u201c-Automaten dar und bietet eine <strong>moderne L\u00f6sung f\u00fcr den kombinierten Verkauf von Snacks und Getr\u00e4nken<\/strong> mit hoher Effizienz und fortschrittlicher Technologie.<\/p>\n","protected":false},"excerpt":{"rendered":"<p>Der SandenVendo Gusto 6 L ist ein moderner Snack- und Getr\u00e4nkeautomat der 6-Spiralen-Klasse, der Energieeffizienz, Umweltfreundlichkeit und hohe Leistung miteinander kombiniert. Er richtet sich an Standorte mittlerer Gr\u00f6\u00dfe, an denen eine breite Auswahl an Snacks und Hei\u00dfgetr\u00e4nken gew\u00fcnscht wird. Eigenschaften und Vorteile: Snack- und Getr\u00e4nkeausgabe: flexible Best\u00fcckung mit Snacks, S\u00fc\u00dfwaren, gek\u00fchlten Produkten und Hei\u00dfgetr\u00e4nken 6 [&hellip;]<\/p>\n","protected":false},"featured_media":6521,"template":"","meta":{"_acf_changed":false},"product_cat":[281,268,286,269,287,267,282,283,263,288],"product_tag":[295,292,293,296,297,299,294,300,301,289],"class_list":{"0":"post-6516","1":"product","2":"type-product","3":"status-publish","4":"has-post-thumbnail","6":"product_cat-foodautomaten","7":"product_cat-getraenkeautomaten","8":"product_cat-hygiene-automaten","9":"product_cat-kombiautomaten","10":"product_cat-masken-automaten","11":"product_cat-snackautomaten","12":"product_cat-vending-automaten","13":"product_cat-verkaufsautomaten","14":"product_cat-verpflegungsautomaten","15":"product_cat-warenautomaten","16":"product_tag-food-automat","17":"product_tag-getraenke","18":"product_tag-getraenkeautomat","19":"product_tag-hygiene-automat","20":"product_tag-kombi-automat","21":"product_tag-snack-automat","22":"product_tag-vending-automaten","23":"product_tag-verkaufsautomat","24":"product_tag-verpflegungsautomat","25":"product_tag-warenautomat","27":"first","28":"instock","29":"shipping-taxable","30":"purchasable","31":"product-type-simple"},"acf":[],"_links":{"self":[{"href":"\/katalog\/wp-json\/wp\/v2\/product\/6516"}],"collection":[{"href":"\/katalog\/wp-json\/wp\/v2\/product"}],"about":[{"href":"\/katalog\/wp-json\/wp\/v2\/types\/product"}],"wp:featuredmedia":[{"embeddable":true,"href":"\/katalog\/wp-json\/wp\/v2\/media\/6521"}],"wp:attachment":[{"href":"\/katalog\/wp-json\/wp\/v2\/media?parent=6516"}],"wp:term":[{"taxonomy":"product_cat","embeddable":true,"href":"\/katalog\/wp-json\/wp\/v2\/product_cat?post=6516"},{"taxonomy":"product_tag","embeddable":true,"href":"\/katalog\/wp-json\/wp\/v2\/product_tag?post=6516"}],"curies":[{"name":"wp","href":"https:\/\/api.w.org\/{rel}","templated":true}]}}