{"id":6501,"date":"2025-10-01T12:45:45","date_gmt":"2025-10-01T10:45:45","guid":{"rendered":"\/katalog\/?post_type=product&#038;p=6501"},"modified":"2025-10-01T12:45:47","modified_gmt":"2025-10-01T10:45:47","slug":"unocool-tabletop-sup-uno-cool","status":"publish","type":"product","link":"\/katalog\/produkt\/unocool-tabletop-sup-uno-cool\/","title":{"rendered":"UnoCool+ Tabletop (SUP UNO COOL+)"},"content":{"rendered":"<p data-start=\"225\" data-end=\"566\">Der <strong data-start=\"229\" data-end=\"262\">SandenVendo UnoCool+ Tabletop<\/strong> ist ein kompakter, umweltfreundlicher und gek\u00fchlter Verkaufsautomat, der speziell f\u00fcr kleinere Standorte entwickelt wurde. Mit seinem platzsparenden Design erm\u00f6glicht er unterschiedlichsten Einrichtungen \u2013 vom B\u00fcro \u00fcber Cafeterien bis hin zur Hotelrezeption \u2013 den komfortablen Service eines Automaten.<\/p>\n<p data-start=\"568\" data-end=\"593\"><strong data-start=\"568\" data-end=\"591\">Besondere Merkmale:<\/strong><\/p>\n<ul data-start=\"594\" data-end=\"1288\">\n<li data-start=\"594\" data-end=\"794\">\n<p data-start=\"596\" data-end=\"794\"><strong data-start=\"596\" data-end=\"631\">Thermoelektrische K\u00fchlung (TEC)<\/strong>: h\u00e4lt Produkte auf einer konstanten Temperatur von mindestens 10\u202f\u00b0C \/ 50\u202f\u00b0F, ideal f\u00fcr hitzeempfindliche Artikel wie Schokolade, Proteingetr\u00e4nke oder Kosmetika.<\/p>\n<\/li>\n<li data-start=\"795\" data-end=\"893\">\n<p data-start=\"797\" data-end=\"893\"><strong data-start=\"797\" data-end=\"817\">Kompaktes Design<\/strong>: passt nahtlos in verschiedene R\u00e4umlichkeiten und auf Tische oder Theken.<\/p>\n<\/li>\n<li data-start=\"894\" data-end=\"1003\">\n<p data-start=\"896\" data-end=\"1003\"><strong data-start=\"896\" data-end=\"915\">Produktvielfalt<\/strong>: geeignet f\u00fcr Snacks, Getr\u00e4nke oder andere Produkte mit einer H\u00f6he von bis zu 230\u202fmm.<\/p>\n<\/li>\n<li data-start=\"1004\" data-end=\"1085\">\n<p data-start=\"1006\" data-end=\"1085\"><strong data-start=\"1006\" data-end=\"1028\">Benutzerfreundlich<\/strong>: einfache Produktauswahl \u00fcber Tastenfeld oder Display.<\/p>\n<\/li>\n<li data-start=\"1086\" data-end=\"1184\">\n<p data-start=\"1088\" data-end=\"1184\"><strong data-start=\"1088\" data-end=\"1110\">Flexible Bezahlung<\/strong>: kompatibel mit M\u00fcnzpr\u00fcfern, Banknotenlesern und bargeldlosen Systemen.<\/p>\n<\/li>\n<li data-start=\"1185\" data-end=\"1288\">\n<p data-start=\"1187\" data-end=\"1288\"><strong data-start=\"1187\" data-end=\"1219\">Umweltfreundlich &amp; langlebig<\/strong>: energieeffiziente Bauweise, f\u00fcr den t\u00e4glichen Betrieb konzipiert.<\/p>\n<\/li>\n<\/ul>\n<p data-start=\"1290\" data-end=\"1547\">Der <strong data-start=\"1294\" data-end=\"1327\">SandenVendo UnoCool+ Tabletop<\/strong> kombiniert umweltfreundliche K\u00fchltechnik, kompakte Bauweise und vielseitige Einsatzm\u00f6glichkeiten und bietet eine zuverl\u00e4ssige L\u00f6sung zur Ausgabe von Snacks, Getr\u00e4nken und empfindlichen Produkten an kleinen Standorten.<\/p>\n","protected":false},"excerpt":{"rendered":"<p>Der SandenVendo UnoCool+ Tabletop ist ein kompakter, umweltfreundlicher und gek\u00fchlter Verkaufsautomat, der speziell f\u00fcr kleinere Standorte entwickelt wurde. Mit seinem platzsparenden Design erm\u00f6glicht er unterschiedlichsten Einrichtungen \u2013 vom B\u00fcro \u00fcber Cafeterien bis hin zur Hotelrezeption \u2013 den komfortablen Service eines Automaten. Besondere Merkmale: Thermoelektrische K\u00fchlung (TEC): h\u00e4lt Produkte auf einer konstanten Temperatur von mindestens 10\u202f\u00b0C [&hellip;]<\/p>\n","protected":false},"featured_media":6503,"template":"","meta":{"_acf_changed":false},"product_cat":[281,268,286,269,287,267,282,283,263,288],"product_tag":[295,292,293,296,317,297,298,316,315,299,294,300,301,289],"class_list":{"0":"post-6501","1":"product","2":"type-product","3":"status-publish","4":"has-post-thumbnail","6":"product_cat-foodautomaten","7":"product_cat-getraenkeautomaten","8":"product_cat-hygiene-automaten","9":"product_cat-kombiautomaten","10":"product_cat-masken-automaten","11":"product_cat-snackautomaten","12":"product_cat-vending-automaten","13":"product_cat-verkaufsautomaten","14":"product_cat-verpflegungsautomaten","15":"product_cat-warenautomaten","16":"product_tag-food-automat","17":"product_tag-getraenke","18":"product_tag-getraenkeautomat","19":"product_tag-hygiene-automat","20":"product_tag-klein","21":"product_tag-kombi-automat","22":"product_tag-masken-automat","23":"product_tag-mini","24":"product_tag-platzsparend","25":"product_tag-snack-automat","26":"product_tag-vending-automaten","27":"product_tag-verkaufsautomat","28":"product_tag-verpflegungsautomat","29":"product_tag-warenautomat","31":"first","32":"instock","33":"shipping-taxable","34":"purchasable","35":"product-type-simple"},"acf":[],"_links":{"self":[{"href":"\/katalog\/wp-json\/wp\/v2\/product\/6501"}],"collection":[{"href":"\/katalog\/wp-json\/wp\/v2\/product"}],"about":[{"href":"\/katalog\/wp-json\/wp\/v2\/types\/product"}],"wp:featuredmedia":[{"embeddable":true,"href":"\/katalog\/wp-json\/wp\/v2\/media\/6503"}],"wp:attachment":[{"href":"\/katalog\/wp-json\/wp\/v2\/media?parent=6501"}],"wp:term":[{"taxonomy":"product_cat","embeddable":true,"href":"\/katalog\/wp-json\/wp\/v2\/product_cat?post=6501"},{"taxonomy":"product_tag","embeddable":true,"href":"\/katalog\/wp-json\/wp\/v2\/product_tag?post=6501"}],"curies":[{"name":"wp","href":"https:\/\/api.w.org\/{rel}","templated":true}]}}