{"id":6464,"date":"2025-09-30T16:27:42","date_gmt":"2025-09-30T14:27:42","guid":{"rendered":"\/katalog\/?post_type=product&#038;p=6464"},"modified":"2025-09-30T16:27:43","modified_gmt":"2025-09-30T14:27:43","slug":"g-snack-standard-eight-viii-slave-ss8-black","status":"publish","type":"product","link":"\/katalog\/produkt\/g-snack-standard-eight-viii-slave-ss8-black\/","title":{"rendered":"G-Snack Standard Eight (VIII) Slave (SS8-Black)"},"content":{"rendered":"<p>Der <strong>SandenVendo G-Snack Standard Eight (VIII) Slave (SS8-Back)<\/strong> ist ein Snackautomat, der als <strong>Erweiterungseinheit (\u201eSlave\u201c) f\u00fcr die G-Snack-Serie<\/strong> konzipiert wurde. Er dient der flexiblen Kombination mit einem Master-Automaten und erm\u00f6glicht die Erh\u00f6hung der Auswahl an Snacks und S\u00fc\u00dfwaren.<\/p>\n<p><strong>Eigenschaften und Vorteile:<\/strong><\/p>\n<ul>\n<li><strong>8 Produktsortimente<\/strong>: optimiert f\u00fcr verpackte Snacks und S\u00fc\u00dfwaren<\/li>\n<li><strong>Erweiterungseinheit<\/strong>: funktioniert in Kombination mit einem Master-Automaten zur Erh\u00f6hung der Gesamtauswahl<\/li>\n<li><strong>Hohe Kapazit\u00e4t<\/strong>: mehrere Hundert Einheiten, abh\u00e4ngig von der Best\u00fcckung<\/li>\n<li><strong>Zuverl\u00e4ssige Ausgabe<\/strong>: robuste Mechanik sorgt f\u00fcr sichere und unbesch\u00e4digte Produktabgabe<\/li>\n<li><strong>Einfache Bedienung<\/strong>: \u00fcbersichtliches Auswahlfeld \u00fcber den verbundenen Master-Automaten<\/li>\n<li><strong>Kompaktes Design<\/strong>: platzsparend und f\u00fcr die Anordnung neben oder hinter Master-Ger\u00e4ten geeignet<\/li>\n<li><strong>Robust &amp; langlebig<\/strong>: f\u00fcr den intensiven Dauereinsatz entwickelt<\/li>\n<\/ul>\n<p>Der <strong>SS8-Back Slave<\/strong> erweitert die Funktionalit\u00e4t eines bestehenden G-Snack Master-Automaten und bietet so eine gr\u00f6\u00dfere Auswahl an Snacks, ohne zus\u00e4tzlichen Bedienaufwand.<\/p>\n","protected":false},"excerpt":{"rendered":"<p>Der SandenVendo G-Snack Standard Eight (VIII) Slave (SS8-Back) ist ein Snackautomat, der als Erweiterungseinheit (\u201eSlave\u201c) f\u00fcr die G-Snack-Serie konzipiert wurde. Er dient der flexiblen Kombination mit einem Master-Automaten und erm\u00f6glicht die Erh\u00f6hung der Auswahl an Snacks und S\u00fc\u00dfwaren. Eigenschaften und Vorteile: 8 Produktsortimente: optimiert f\u00fcr verpackte Snacks und S\u00fc\u00dfwaren Erweiterungseinheit: funktioniert in Kombination mit einem [&hellip;]<\/p>\n","protected":false},"featured_media":6466,"template":"","meta":{"_acf_changed":false},"product_cat":[281,268,286,269,287,267,282,283,263,288],"product_tag":[295,292,293,297,298,299,294,300,301,289],"class_list":{"0":"post-6464","1":"product","2":"type-product","3":"status-publish","4":"has-post-thumbnail","6":"product_cat-foodautomaten","7":"product_cat-getraenkeautomaten","8":"product_cat-hygiene-automaten","9":"product_cat-kombiautomaten","10":"product_cat-masken-automaten","11":"product_cat-snackautomaten","12":"product_cat-vending-automaten","13":"product_cat-verkaufsautomaten","14":"product_cat-verpflegungsautomaten","15":"product_cat-warenautomaten","16":"product_tag-food-automat","17":"product_tag-getraenke","18":"product_tag-getraenkeautomat","19":"product_tag-kombi-automat","20":"product_tag-masken-automat","21":"product_tag-snack-automat","22":"product_tag-vending-automaten","23":"product_tag-verkaufsautomat","24":"product_tag-verpflegungsautomat","25":"product_tag-warenautomat","27":"first","28":"instock","29":"shipping-taxable","30":"purchasable","31":"product-type-simple"},"acf":[],"_links":{"self":[{"href":"\/katalog\/wp-json\/wp\/v2\/product\/6464"}],"collection":[{"href":"\/katalog\/wp-json\/wp\/v2\/product"}],"about":[{"href":"\/katalog\/wp-json\/wp\/v2\/types\/product"}],"wp:featuredmedia":[{"embeddable":true,"href":"\/katalog\/wp-json\/wp\/v2\/media\/6466"}],"wp:attachment":[{"href":"\/katalog\/wp-json\/wp\/v2\/media?parent=6464"}],"wp:term":[{"taxonomy":"product_cat","embeddable":true,"href":"\/katalog\/wp-json\/wp\/v2\/product_cat?post=6464"},{"taxonomy":"product_tag","embeddable":true,"href":"\/katalog\/wp-json\/wp\/v2\/product_tag?post=6464"}],"curies":[{"name":"wp","href":"https:\/\/api.w.org\/{rel}","templated":true}]}}