{"id":864,"date":"2023-01-24T15:05:25","date_gmt":"2023-01-24T14:05:25","guid":{"rendered":"https:\/\/dev.everpress.everapps.dev\/?page_id=864"},"modified":"2026-01-16T10:15:26","modified_gmt":"2026-01-16T09:15:26","slug":"startseite-2","status":"publish","type":"page","link":"\/katalog\/","title":{"rendered":"Startseite"},"content":{"rendered":"<div class=\"ep-content-dynamic  bg-light space \"><div class=\"row   default-start default-top\"><h1 class=\"col align-left\">Willkommen in unserem Online-Shop   <span class=\"subline\">konfigurieren Sie sich nach Wunsch Ihren Automaten<\/span><\/h1><div class=\"col small-6 large-4 giant-5 \"><p>Haben Sie schon einmal daran gedacht, wie praktisch ein Snackautomat sein k\u00f6nnte, der perfekt auf Ihre Bed\u00fcrfnisse abgestimmt ist? Bei uns haben Sie die M\u00f6glichkeit, Ihren ganz pers\u00f6nlichen Automaten zu gestalten \u2013 f\u00fcr den Pausenraum im B\u00fcro, die Schule, das Fitnessstudio oder sogar f\u00fcr Ihr Zuhause. Wir bieten Ihnen die Freiheit, aus einer breiten Palette an Snacks, Getr\u00e4nken und Designs zu w\u00e4hlen, sodass Ihr Automat genau das bietet, was Sie oder Ihre Kunden lieben.<\/p>\n<\/div><div class=\"col small-6 large-4 giant-5 \"><p>Unser Konzept ist so einfach wie genial: W\u00e4hlen Sie die Gr\u00f6\u00dfe und Ausstattung des Automaten, entscheiden Sie sich f\u00fcr Ihr individuelles Sortiment und gestalten Sie das Design, das am besten zu Ihrem Umfeld passt. Ob gesunde Snacks f\u00fcr sportlich Aktive, s\u00fc\u00dfe Leckereien f\u00fcr kleine Genie\u00dfer oder eine Kombination aus beidem \u2013 Sie haben die Wahl.<\/p>\n<div class=\"buttonContainer\"><\/div><\/div><div class=\"col large-4 giant-2 \"><div class=\"imageContainer\"><\/div><\/div><\/div><\/div><div class=\"ep-block-categories-teaser ep-kategorie-teaser bg-light space\">\n\t\t<div class=\"row\">\n\n\t\t\t\n\t\t\t<div class=\"col ep-title-container\"><h2>\u00dcberblick unseres Angebots  <span class=\"subline\"><\/span><\/h2><a title=\"Snackautomaten-Shop \u2013 Ihr Partner f\u00fcr Snacks und Automatenl\u00f6sungen\" class=\"btn weight-bold icon icon-after-arrow-right margin-bottom\" target=\"_self\" href=\"\/katalog\/shop\/\">Alle Kategorien ansehen<\/a><\/div>\n\t\n\t\t\t\t\t\t\t<div class=\"col\">\n\t\t\t\t\t\t\t\t\t<\/div>\n\t\t\t\t\n\t\t<\/div>\n\t<\/div>","protected":false},"excerpt":{"rendered":"","protected":false},"author":1,"featured_media":0,"parent":0,"menu_order":0,"comment_status":"closed","ping_status":"closed","template":"","meta":{"_acf_changed":false,"footnotes":""},"class_list":["post-864","page","type-page","status-publish","hentry"],"acf":[],"_links":{"self":[{"href":"\/katalog\/wp-json\/wp\/v2\/pages\/864"}],"collection":[{"href":"\/katalog\/wp-json\/wp\/v2\/pages"}],"about":[{"href":"\/katalog\/wp-json\/wp\/v2\/types\/page"}],"author":[{"embeddable":true,"href":"\/katalog\/wp-json\/wp\/v2\/users\/1"}],"replies":[{"embeddable":true,"href":"\/katalog\/wp-json\/wp\/v2\/comments?post=864"}],"version-history":[{"count":5,"href":"\/katalog\/wp-json\/wp\/v2\/pages\/864\/revisions"}],"predecessor-version":[{"id":6620,"href":"\/katalog\/wp-json\/wp\/v2\/pages\/864\/revisions\/6620"}],"wp:attachment":[{"href":"\/katalog\/wp-json\/wp\/v2\/media?parent=864"}],"curies":[{"name":"wp","href":"https:\/\/api.w.org\/{rel}","templated":true}]}}