{"id":6056,"date":"2023-01-24T15:05:25","date_gmt":"2023-01-24T14:05:25","guid":{"rendered":"https:\/\/dev.everpress.everapps.dev\/startseite\/"},"modified":"2025-06-19T14:14:23","modified_gmt":"2025-06-19T12:14:23","slug":"startseite","status":"publish","type":"page","link":"\/katalog\/startseite\/","title":{"rendered":"Startseite"},"content":{"rendered":"<div class=\"ep-content-dynamic  bg-light space \"><div class=\"row   default-between default-middle\"><div class=\"col medium-6 large-5 giant-4 \"><div class=\"box box-big\"><h3>\u00dcberschrift in Box<\/h3>\n<p>Blindtexte nennt man Texte, die bei der Produktion von Publikationen oder Webseiten als Platzhalter f\u00fcr sp\u00e4tere Inhalte stehen, wenn der eigentliche Text noch nicht vorhanden ist. Sie werden auch als Dummy-, F\u00fcll- oder Platzhaltertexte bezeichnet. Mitunter sollen Komponisten von Liedern Blindtexte beim Komponieren von Melodien benutzen und diese vor dem Dichten des Liedtextes singen. Bereits seit dem 16. Jahrhundert d\u00fcrften Blindtexte bei Setzern \u00fcblich gewesen sein.<\/p>\n<p>&nbsp;<\/p>\n<div class=\"buttonContainer\"><\/div><\/div><\/div><div class=\"col medium-7 \"><h3>Blindtexte: Funktion als Platzhalter<\/h3>\n<p>Blindtexte nennt man Texte, die bei der Produktion von Publikationen oder Webseiten als Platzhalter f\u00fcr sp\u00e4tere Inhalte stehen, wenn der eigentliche Text noch nicht vorhanden ist. Sie werden auch als Dummy-, F\u00fcll- oder Platzhaltertexte bezeichnet. Mitunter sollen Komponisten von Liedern Blindtexte beim Komponieren von Melodien benutzen und diese vor dem Dichten des Liedtextes singen. Bereits seit dem 16. Jahrhundert d\u00fcrften Blindtexte bei Setzern \u00fcblich gewesen sein.<\/p>\n<p>Blindtexte nennt man Texte, die bei der Produktion von Publikationen oder Webseiten als Platzhalter f\u00fcr sp\u00e4tere Inhalte stehen, wenn der eigentliche Text noch nicht vorhanden ist. Sie werden auch als Dummy-, F\u00fcll- oder Platzhaltertexte bezeichnet. Mitunter sollen Komponisten von Liedern Blindtexte beim Komponieren von Melodien benutzen und diese vor dem Dichten des Liedtextes singen. Bereits seit dem 16. Jahrhundert d\u00fcrften Blindtexte bei Setzern \u00fcblich gewesen sein.<\/p>\n<p>&nbsp;<\/p>\n<\/div><\/div><\/div>","protected":false},"excerpt":{"rendered":"","protected":false},"author":1,"featured_media":0,"parent":0,"menu_order":0,"comment_status":"closed","ping_status":"closed","template":"","meta":{"_acf_changed":false,"footnotes":""},"class_list":["post-6056","page","type-page","status-publish","hentry"],"acf":[],"_links":{"self":[{"href":"\/katalog\/wp-json\/wp\/v2\/pages\/6056"}],"collection":[{"href":"\/katalog\/wp-json\/wp\/v2\/pages"}],"about":[{"href":"\/katalog\/wp-json\/wp\/v2\/types\/page"}],"author":[{"embeddable":true,"href":"\/katalog\/wp-json\/wp\/v2\/users\/1"}],"replies":[{"embeddable":true,"href":"\/katalog\/wp-json\/wp\/v2\/comments?post=6056"}],"version-history":[{"count":6,"href":"\/katalog\/wp-json\/wp\/v2\/pages\/6056\/revisions"}],"predecessor-version":[{"id":6344,"href":"\/katalog\/wp-json\/wp\/v2\/pages\/6056\/revisions\/6344"}],"wp:attachment":[{"href":"\/katalog\/wp-json\/wp\/v2\/media?parent=6056"}],"curies":[{"name":"wp","href":"https:\/\/api.w.org\/{rel}","templated":true}]}}